{"id":552,"date":"2025-11-02T18:28:58","date_gmt":"2025-11-02T18:28:58","guid":{"rendered":"https:\/\/protechmarine.hr\/?page_id=552"},"modified":"2026-01-08T10:03:41","modified_gmt":"2026-01-08T10:03:41","slug":"usluge","status":"publish","type":"page","link":"https:\/\/protechmarine.hr\/de\/usluge\/","title":{"rendered":"Leistungen"},"content":{"rendered":"<div data-elementor-type=\"wp-page\" data-elementor-id=\"552\" class=\"elementor elementor-552\" data-elementor-post-type=\"page\">\n\t\t\t\t<div class=\"elementor-element elementor-element-fdf8a58 e-flex e-con-boxed e-con e-parent\" data-id=\"fdf8a58\" data-element_type=\"container\" data-e-type=\"container\" data-settings=\"{&quot;background_background&quot;:&quot;classic&quot;}\">\n\t\t\t\t\t<div class=\"e-con-inner\">\n\t\t<div class=\"elementor-element elementor-element-c795256 e-con-full e-flex e-con e-child\" data-id=\"c795256\" data-element_type=\"container\" data-e-type=\"container\">\n\t\t\t\t<div class=\"elementor-element elementor-element-e34df5b elementor-invisible elementor-widget elementor-widget-heading\" data-id=\"e34df5b\" data-element_type=\"widget\" data-e-type=\"widget\" data-settings=\"{&quot;_animation&quot;:&quot;fadeInUp&quot;}\" data-widget_type=\"heading.default\">\n\t\t\t\t\t<h1 class=\"elementor-heading-title elementor-size-default\">Leistungen<\/h1>\t\t\t\t<\/div>\n\t\t\t\t<\/div>\n\t\t\t\t\t<\/div>\n\t\t\t\t<\/div>\n\t\t<div class=\"elementor-element elementor-element-5f52500 e-flex e-con-boxed e-con e-parent\" data-id=\"5f52500\" data-element_type=\"container\" data-e-type=\"container\" data-settings=\"{&quot;background_background&quot;:&quot;classic&quot;}\">\n\t\t\t\t\t<div class=\"e-con-inner\">\n\t\t<div class=\"elementor-element elementor-element-e5fecff e-con-full e-flex elementor-invisible e-con e-child\" data-id=\"e5fecff\" data-element_type=\"container\" data-e-type=\"container\" data-settings=\"{&quot;animation&quot;:&quot;fadeInLeft&quot;}\">\n\t\t\t\t<div class=\"elementor-element elementor-element-0f0c876 elementor-widget elementor-widget-heading\" data-id=\"0f0c876\" data-element_type=\"widget\" data-e-type=\"widget\" data-widget_type=\"heading.default\">\n\t\t\t\t\t<h6 class=\"elementor-heading-title elementor-size-default\">Auspuffb\u00f6gen<\/h6>\t\t\t\t<\/div>\n\t\t\t\t<div class=\"elementor-element elementor-element-6b2af70 elementor-widget elementor-widget-heading\" data-id=\"6b2af70\" data-element_type=\"widget\" data-e-type=\"widget\" data-widget_type=\"heading.default\">\n\t\t\t\t\t<h2 class=\"elementor-heading-title elementor-size-default\">Herstellung von Auspuffb\u00f6gen f\u00fcr Dieselmotoren<\/h2>\t\t\t\t<\/div>\n\t\t\t\t<div class=\"elementor-element elementor-element-8d0f0bd elementor-widget elementor-widget-text-editor\" data-id=\"8d0f0bd\" data-element_type=\"widget\" data-e-type=\"widget\" data-widget_type=\"text-editor.default\">\n\t\t\t\t\t\t\t\t\t<p>Wir fertigen Auspuffb\u00f6gen f\u00fcr Dieselmotoren \u2013 pr\u00e4zise, zuverl\u00e4ssig und langlebig.\nJedes Auspuffrohr wird nach Muster gefertigt. Wenn wir dabei Konstruktionsm\u00e4ngel feststellen, werden diese sofort behoben, damit das neue Teil besser funktioniert als das alte.<\/p><p>\u00a0Aus Erfahrung wissen wir, dass die besten Ergebnisse erzielt werden, wenn wir den gesamten Ablauf \u2013 Demontage, Anfertigung und Montage \u2013 selbst durchf\u00fchren.\nSo k\u00f6nnen wir garantieren, dass alles perfekt passt und der Auspuff einwandfrei funktioniert.\nDas blo\u00dfe Kopieren alter Auspuffanlagen ist oft keine gute L\u00f6sung, da viele bereits Konstruktionsfehler aufweisen. Das m\u00f6chten wir weder uns noch unseren Kunden zumuten.<\/p><p>Unser Wissen in Kombination mit hochwertigen Materialien ist die beste Grundlage f\u00fcr Auspuffanlagen, die lange halten und zuverl\u00e4ssig arbeiten.<\/p>\t\t\t\t\t\t\t\t<\/div>\n\t\t\t\t<div class=\"elementor-element elementor-element-0fb3d5d elementor-widget elementor-widget-button\" data-id=\"0fb3d5d\" data-element_type=\"widget\" data-e-type=\"widget\" data-widget_type=\"button.default\">\n\t\t\t\t\t\t\t\t\t\t<a class=\"elementor-button elementor-button-link elementor-size-md\" href=\"https:\/\/protechmarine.hr\/de\/galerija\/\">\n\t\t\t\t\t\t<span class=\"elementor-button-content-wrapper\">\n\t\t\t\t\t\t\t\t\t<span class=\"elementor-button-text\">Sehen Sie sich unsere Arbeiten an<\/span>\n\t\t\t\t\t<\/span>\n\t\t\t\t\t<\/a>\n\t\t\t\t\t\t\t\t<\/div>\n\t\t\t\t<\/div>\n\t\t<div class=\"elementor-element elementor-element-2a4ea15 e-con-full e-flex e-con e-child\" data-id=\"2a4ea15\" data-element_type=\"container\" data-e-type=\"container\">\n\t\t\t\t<div class=\"elementor-element elementor-element-c9a50bd elementor-widget elementor-widget-image\" data-id=\"c9a50bd\" data-element_type=\"widget\" data-e-type=\"widget\" data-widget_type=\"image.default\">\n\t\t\t\t\t\t\t\t\t\t\t\t\t\t\t<img fetchpriority=\"high\" decoding=\"async\" width=\"800\" height=\"761\" src=\"https:\/\/protechmarine.hr\/wp-content\/uploads\/2025\/11\/IMG-20251007-WA0055-1024x974.jpg\" class=\"attachment-large size-large wp-image-574\" alt=\"\" srcset=\"https:\/\/protechmarine.hr\/wp-content\/uploads\/2025\/11\/IMG-20251007-WA0055-1024x974.jpg 1024w, https:\/\/protechmarine.hr\/wp-content\/uploads\/2025\/11\/IMG-20251007-WA0055-300x285.jpg 300w, https:\/\/protechmarine.hr\/wp-content\/uploads\/2025\/11\/IMG-20251007-WA0055-768x730.jpg 768w, https:\/\/protechmarine.hr\/wp-content\/uploads\/2025\/11\/IMG-20251007-WA0055-13x12.jpg 13w, https:\/\/protechmarine.hr\/wp-content\/uploads\/2025\/11\/IMG-20251007-WA0055.jpg 1413w\" sizes=\"(max-width: 800px) 100vw, 800px\" \/>\t\t\t\t\t\t\t\t\t\t\t\t\t\t\t<\/div>\n\t\t\t\t<\/div>\n\t\t\t\t\t<\/div>\n\t\t\t\t<\/div>\n\t\t<div class=\"elementor-element elementor-element-336b785 elementor-hidden-desktop e-flex e-con-boxed e-con e-parent\" data-id=\"336b785\" data-element_type=\"container\" data-e-type=\"container\" data-settings=\"{&quot;background_background&quot;:&quot;classic&quot;}\">\n\t\t\t\t\t<div class=\"e-con-inner\">\n\t\t<div class=\"elementor-element elementor-element-846677d e-con-full e-flex elementor-invisible e-con e-child\" data-id=\"846677d\" data-element_type=\"container\" data-e-type=\"container\" data-settings=\"{&quot;animation&quot;:&quot;fadeInLeft&quot;}\">\n\t\t\t\t<div class=\"elementor-element elementor-element-d449dcc elementor-widget elementor-widget-heading\" data-id=\"d449dcc\" data-element_type=\"widget\" data-e-type=\"widget\" data-widget_type=\"heading.default\">\n\t\t\t\t\t<h6 class=\"elementor-heading-title elementor-size-default\">Wellenanlagen<\/h6>\t\t\t\t<\/div>\n\t\t\t\t<div class=\"elementor-element elementor-element-85d27fa elementor-widget elementor-widget-heading\" data-id=\"85d27fa\" data-element_type=\"widget\" data-e-type=\"widget\" data-widget_type=\"heading.default\">\n\t\t\t\t\t<h2 class=\"elementor-heading-title elementor-size-default\">Service und Herstellung von Wellenanlagen<\/h2>\t\t\t\t<\/div>\n\t\t\t\t<div class=\"elementor-element elementor-element-6e3fd07 elementor-widget elementor-widget-text-editor\" data-id=\"6e3fd07\" data-element_type=\"widget\" data-e-type=\"widget\" data-widget_type=\"text-editor.default\">\n\t\t\t\t\t\t\t\t\t<p data-start=\"128\" data-end=\"370\" class=\"translation-block\">Wir f\u00fchren Wartungsarbeiten an Wellenanlagen durch und fertigen bei Bedarf neue Komponenten an.\nJeder Auftrag umfasst die Demontage und pr\u00e4zise Vermessung aller Teile. Falls erforderlich, stellen wir neue Komponenten her und \u00fcbernehmen Montage sowie Ausrichtung.<\/p><p data-start=\"372\" data-end=\"489\">Die Genauigkeit der Kegelverbindung auf den Wellen pr\u00fcfen wir mit Markierpaste, um perfekten Sitz und langfristig reibungslosen Betrieb zu gew\u00e4hrleisten.<\/p>\t\t\t\t\t\t\t\t<\/div>\n\t\t\t\t<div class=\"elementor-element elementor-element-7dd4092 elementor-widget elementor-widget-button\" data-id=\"7dd4092\" data-element_type=\"widget\" data-e-type=\"widget\" data-widget_type=\"button.default\">\n\t\t\t\t\t\t\t\t\t\t<a class=\"elementor-button elementor-button-link elementor-size-md\" href=\"https:\/\/protechmarine.hr\/de\/galerija\/\">\n\t\t\t\t\t\t<span class=\"elementor-button-content-wrapper\">\n\t\t\t\t\t\t\t\t\t<span class=\"elementor-button-text\">Sehen Sie sich unsere Arbeiten an<\/span>\n\t\t\t\t\t<\/span>\n\t\t\t\t\t<\/a>\n\t\t\t\t\t\t\t\t<\/div>\n\t\t\t\t<\/div>\n\t\t<div class=\"elementor-element elementor-element-9ca2b71 e-con-full e-flex e-con e-child\" data-id=\"9ca2b71\" data-element_type=\"container\" data-e-type=\"container\">\n\t\t\t\t<div class=\"elementor-element elementor-element-4b51875 elementor-widget elementor-widget-image\" data-id=\"4b51875\" data-element_type=\"widget\" data-e-type=\"widget\" data-widget_type=\"image.default\">\n\t\t\t\t\t\t\t\t\t\t\t\t\t\t\t<img decoding=\"async\" width=\"800\" height=\"800\" src=\"https:\/\/protechmarine.hr\/wp-content\/uploads\/2025\/11\/16.webp\" class=\"attachment-large size-large wp-image-709\" alt=\"\" srcset=\"https:\/\/protechmarine.hr\/wp-content\/uploads\/2025\/11\/16.webp 1000w, https:\/\/protechmarine.hr\/wp-content\/uploads\/2025\/11\/16-300x300.webp 300w, https:\/\/protechmarine.hr\/wp-content\/uploads\/2025\/11\/16-150x150.webp 150w, https:\/\/protechmarine.hr\/wp-content\/uploads\/2025\/11\/16-768x768.webp 768w, https:\/\/protechmarine.hr\/wp-content\/uploads\/2025\/11\/16-12x12.webp 12w\" sizes=\"(max-width: 800px) 100vw, 800px\" \/>\t\t\t\t\t\t\t\t\t\t\t\t\t\t\t<\/div>\n\t\t\t\t<\/div>\n\t\t\t\t\t<\/div>\n\t\t\t\t<\/div>\n\t\t<div class=\"elementor-element elementor-element-f9693a5 elementor-hidden-tablet elementor-hidden-mobile e-flex e-con-boxed e-con e-parent\" data-id=\"f9693a5\" data-element_type=\"container\" data-e-type=\"container\" data-settings=\"{&quot;background_background&quot;:&quot;classic&quot;}\">\n\t\t\t\t\t<div class=\"e-con-inner\">\n\t\t<div class=\"elementor-element elementor-element-9317d5a e-con-full e-flex e-con e-child\" data-id=\"9317d5a\" data-element_type=\"container\" data-e-type=\"container\">\n\t\t\t\t<div class=\"elementor-element elementor-element-46255cd elementor-widget elementor-widget-image\" data-id=\"46255cd\" data-element_type=\"widget\" data-e-type=\"widget\" data-widget_type=\"image.default\">\n\t\t\t\t\t\t\t\t\t\t\t\t\t\t\t<img decoding=\"async\" width=\"800\" height=\"800\" src=\"https:\/\/protechmarine.hr\/wp-content\/uploads\/2025\/11\/16.webp\" class=\"attachment-large size-large wp-image-709\" alt=\"\" srcset=\"https:\/\/protechmarine.hr\/wp-content\/uploads\/2025\/11\/16.webp 1000w, https:\/\/protechmarine.hr\/wp-content\/uploads\/2025\/11\/16-300x300.webp 300w, https:\/\/protechmarine.hr\/wp-content\/uploads\/2025\/11\/16-150x150.webp 150w, https:\/\/protechmarine.hr\/wp-content\/uploads\/2025\/11\/16-768x768.webp 768w, https:\/\/protechmarine.hr\/wp-content\/uploads\/2025\/11\/16-12x12.webp 12w\" sizes=\"(max-width: 800px) 100vw, 800px\" \/>\t\t\t\t\t\t\t\t\t\t\t\t\t\t\t<\/div>\n\t\t\t\t<\/div>\n\t\t<div class=\"elementor-element elementor-element-a7e75e8 e-con-full e-flex elementor-invisible e-con e-child\" data-id=\"a7e75e8\" data-element_type=\"container\" data-e-type=\"container\" data-settings=\"{&quot;animation&quot;:&quot;fadeInLeft&quot;}\">\n\t\t\t\t<div class=\"elementor-element elementor-element-4031fe3 elementor-widget elementor-widget-heading\" data-id=\"4031fe3\" data-element_type=\"widget\" data-e-type=\"widget\" data-widget_type=\"heading.default\">\n\t\t\t\t\t<h6 class=\"elementor-heading-title elementor-size-default\">Wellenanlagen<\/h6>\t\t\t\t<\/div>\n\t\t\t\t<div class=\"elementor-element elementor-element-0e24ebd elementor-widget elementor-widget-heading\" data-id=\"0e24ebd\" data-element_type=\"widget\" data-e-type=\"widget\" data-widget_type=\"heading.default\">\n\t\t\t\t\t<h2 class=\"elementor-heading-title elementor-size-default\">Service und Herstellung von Wellenanlagen<\/h2>\t\t\t\t<\/div>\n\t\t\t\t<div class=\"elementor-element elementor-element-fe7f9b6 elementor-widget elementor-widget-text-editor\" data-id=\"fe7f9b6\" data-element_type=\"widget\" data-e-type=\"widget\" data-widget_type=\"text-editor.default\">\n\t\t\t\t\t\t\t\t\t<p data-start=\"128\" data-end=\"370\" class=\"translation-block\">Wir f\u00fchren Wartungsarbeiten an Wellenanlagen durch und fertigen bei Bedarf neue Komponenten an.\nJeder Auftrag umfasst die Demontage und pr\u00e4zise Vermessung aller Teile. Falls erforderlich, stellen wir neue Komponenten her und \u00fcbernehmen Montage sowie Ausrichtung.<\/p><p data-start=\"372\" data-end=\"489\">Die Genauigkeit der Kegelverbindung auf den Wellen pr\u00fcfen wir mit Markierpaste, um perfekten Sitz und langfristig reibungslosen Betrieb zu gew\u00e4hrleisten.<\/p>\t\t\t\t\t\t\t\t<\/div>\n\t\t\t\t<div class=\"elementor-element elementor-element-b926829 elementor-widget elementor-widget-button\" data-id=\"b926829\" data-element_type=\"widget\" data-e-type=\"widget\" data-widget_type=\"button.default\">\n\t\t\t\t\t\t\t\t\t\t<a class=\"elementor-button elementor-button-link elementor-size-md\" href=\"https:\/\/protechmarine.hr\/de\/galerija\/\">\n\t\t\t\t\t\t<span class=\"elementor-button-content-wrapper\">\n\t\t\t\t\t\t\t\t\t<span class=\"elementor-button-text\">Sehen Sie sich unsere Arbeiten an<\/span>\n\t\t\t\t\t<\/span>\n\t\t\t\t\t<\/a>\n\t\t\t\t\t\t\t\t<\/div>\n\t\t\t\t<\/div>\n\t\t\t\t\t<\/div>\n\t\t\t\t<\/div>\n\t\t\t\t<\/div>","protected":false},"excerpt":{"rendered":"<p>Usluge Auspuhi Izrada koljena auspuha za diesel motore Bavimo se izradom koljena auspuha za diesel motore. Precizno, pouzdano i dugotrajno. Koljeno izra\u0111ujemo po uzorku, a ako primijetimo konstrukcijske nedostatke, pravimo potrebne izmjene kako bi novi dio bio bolji od starog. \u00a0Iz iskustva znamo da je najbolje kad cijeli postupak \u2013 demonta\u017eu, izradu i monta\u017eu \u2013 [&hellip;]<\/p>","protected":false},"author":1,"featured_media":0,"parent":0,"menu_order":0,"comment_status":"closed","ping_status":"closed","template":"","meta":{"footnotes":""},"class_list":["post-552","page","type-page","status-publish","hentry"],"_links":{"self":[{"href":"https:\/\/protechmarine.hr\/de\/wp-json\/wp\/v2\/pages\/552","targetHints":{"allow":["GET"]}}],"collection":[{"href":"https:\/\/protechmarine.hr\/de\/wp-json\/wp\/v2\/pages"}],"about":[{"href":"https:\/\/protechmarine.hr\/de\/wp-json\/wp\/v2\/types\/page"}],"author":[{"embeddable":true,"href":"https:\/\/protechmarine.hr\/de\/wp-json\/wp\/v2\/users\/1"}],"replies":[{"embeddable":true,"href":"https:\/\/protechmarine.hr\/de\/wp-json\/wp\/v2\/comments?post=552"}],"version-history":[{"count":50,"href":"https:\/\/protechmarine.hr\/de\/wp-json\/wp\/v2\/pages\/552\/revisions"}],"predecessor-version":[{"id":730,"href":"https:\/\/protechmarine.hr\/de\/wp-json\/wp\/v2\/pages\/552\/revisions\/730"}],"wp:attachment":[{"href":"https:\/\/protechmarine.hr\/de\/wp-json\/wp\/v2\/media?parent=552"}],"curies":[{"name":"wp","href":"https:\/\/api.w.org\/{rel}","templated":true}]}}