{"id":92,"date":"2025-10-08T18:15:40","date_gmt":"2025-10-08T18:15:40","guid":{"rendered":"https:\/\/protechmarine.hr\/?page_id=92"},"modified":"2026-01-08T10:02:29","modified_gmt":"2026-01-08T10:02:29","slug":"novosti","status":"publish","type":"page","link":"https:\/\/protechmarine.hr\/de\/novosti\/","title":{"rendered":"Aktuelles"},"content":{"rendered":"<div data-elementor-type=\"wp-page\" data-elementor-id=\"92\" class=\"elementor elementor-92\" data-elementor-post-type=\"page\">\n\t\t\t\t<div class=\"elementor-element elementor-element-0fa0ca1 e-flex e-con-boxed e-con e-parent\" data-id=\"0fa0ca1\" data-element_type=\"container\" data-e-type=\"container\" data-settings=\"{&quot;background_background&quot;:&quot;classic&quot;}\">\n\t\t\t\t\t<div class=\"e-con-inner\">\n\t\t<div class=\"elementor-element elementor-element-33db747 e-con-full e-flex e-con e-child\" data-id=\"33db747\" data-element_type=\"container\" data-e-type=\"container\">\n\t\t\t\t<div class=\"elementor-element elementor-element-e851f5a elementor-invisible elementor-widget elementor-widget-heading\" data-id=\"e851f5a\" data-element_type=\"widget\" data-e-type=\"widget\" data-settings=\"{&quot;_animation&quot;:&quot;fadeInUp&quot;}\" data-widget_type=\"heading.default\">\n\t\t\t\t\t<h1 class=\"elementor-heading-title elementor-size-default\">Aktuelles<\/h1>\t\t\t\t<\/div>\n\t\t\t\t<\/div>\n\t\t\t\t\t<\/div>\n\t\t\t\t<\/div>\n\t\t<div class=\"elementor-element elementor-element-6538d9b e-flex e-con-boxed e-con e-parent\" data-id=\"6538d9b\" data-element_type=\"container\" data-e-type=\"container\" data-settings=\"{&quot;background_background&quot;:&quot;classic&quot;}\">\n\t\t\t\t\t<div class=\"e-con-inner\">\n\t\t<div class=\"elementor-element elementor-element-9e1725e e-con-full e-grid elementor-hidden-desktop elementor-hidden-tablet elementor-hidden-mobile elementor-invisible e-con e-child\" data-id=\"9e1725e\" data-element_type=\"container\" data-e-type=\"container\" data-settings=\"{&quot;animation&quot;:&quot;fadeIn&quot;,&quot;animation_delay&quot;:200}\">\n\t\t<div class=\"elementor-element elementor-element-52aff83 e-con-full e-flex e-con e-child\" data-id=\"52aff83\" data-element_type=\"container\" data-e-type=\"container\" data-settings=\"{&quot;background_background&quot;:&quot;classic&quot;}\">\n\t\t\t\t<div class=\"elementor-element elementor-element-69c2033 elementor-widget elementor-widget-image\" data-id=\"69c2033\" data-element_type=\"widget\" data-e-type=\"widget\" data-widget_type=\"image.default\">\n\t\t\t\t\t\t\t\t\t\t\t\t\t\t\t<img fetchpriority=\"high\" decoding=\"async\" width=\"1000\" height=\"1000\" src=\"https:\/\/protechmarine.hr\/wp-content\/uploads\/2025\/10\/1-1.png\" class=\"attachment-full size-full wp-image-391\" alt=\"\" srcset=\"https:\/\/protechmarine.hr\/wp-content\/uploads\/2025\/10\/1-1.png 1000w, https:\/\/protechmarine.hr\/wp-content\/uploads\/2025\/10\/1-1-300x300.png 300w, https:\/\/protechmarine.hr\/wp-content\/uploads\/2025\/10\/1-1-150x150.png 150w, https:\/\/protechmarine.hr\/wp-content\/uploads\/2025\/10\/1-1-768x768.png 768w\" sizes=\"(max-width: 1000px) 100vw, 1000px\" \/>\t\t\t\t\t\t\t\t\t\t\t\t\t\t\t<\/div>\n\t\t\t\t<div class=\"elementor-element elementor-element-a52658d elementor-widget elementor-widget-icon-box\" data-id=\"a52658d\" data-element_type=\"widget\" data-e-type=\"widget\" data-widget_type=\"icon-box.default\">\n\t\t\t\t\t\t\t<div class=\"elementor-icon-box-wrapper\">\n\n\t\t\t\n\t\t\t\t\t\t<div class=\"elementor-icon-box-content\">\n\n\t\t\t\t\t\t\t\t\t<div class=\"elementor-icon-box-title\">\n\t\t\t\t\t\t<span  >\n\t\t\t\t\t\t\tVolvo Penta D4 und D6 22369744 Abdeckung\t\t\t\t\t\t<\/span>\n\t\t\t\t\t<\/div>\n\t\t\t\t\n\t\t\t\t\t\t\t\t\t<p class=\"elementor-icon-box-description\">\n\t\t\t\t\t\tDer W\u00e4rmetauscherdeckel ist aus zertifizierter Bronze gefertigt.\t\t\t\t\t<\/p>\n\t\t\t\t\n\t\t\t<\/div>\n\t\t\t\n\t\t<\/div>\n\t\t\t\t\t\t<\/div>\n\t\t\t\t<div class=\"elementor-element elementor-element-ee93aff elementor-align-center elementor-widget elementor-widget-button\" data-id=\"ee93aff\" data-element_type=\"widget\" data-e-type=\"widget\" data-widget_type=\"button.default\">\n\t\t\t\t\t\t\t\t\t\t<a class=\"elementor-button elementor-button-link elementor-size-sm\" href=\"https:\/\/protechmarine.hr\/de\/poklopac\/\">\n\t\t\t\t\t\t<span class=\"elementor-button-content-wrapper\">\n\t\t\t\t\t\t\t\t\t<span class=\"elementor-button-text\">Mehr erfahren<\/span>\n\t\t\t\t\t<\/span>\n\t\t\t\t\t<\/a>\n\t\t\t\t\t\t\t\t<\/div>\n\t\t\t\t<\/div>\n\t\t\t\t<\/div>\n\t\t\t\t\t<\/div>\n\t\t\t\t<\/div>\n\t\t\t\t<\/div>","protected":false},"excerpt":{"rendered":"<p>Novosti Volvo Penta D4 i D6 22369744 poklopac Poklopac izmjenjiva\u010da izra\u0111en je od atestirane bronce Pro\u010ditajte vi\u0161e<\/p>","protected":false},"author":1,"featured_media":0,"parent":0,"menu_order":0,"comment_status":"closed","ping_status":"closed","template":"","meta":{"footnotes":""},"class_list":["post-92","page","type-page","status-publish","hentry"],"_links":{"self":[{"href":"https:\/\/protechmarine.hr\/de\/wp-json\/wp\/v2\/pages\/92","targetHints":{"allow":["GET"]}}],"collection":[{"href":"https:\/\/protechmarine.hr\/de\/wp-json\/wp\/v2\/pages"}],"about":[{"href":"https:\/\/protechmarine.hr\/de\/wp-json\/wp\/v2\/types\/page"}],"author":[{"embeddable":true,"href":"https:\/\/protechmarine.hr\/de\/wp-json\/wp\/v2\/users\/1"}],"replies":[{"embeddable":true,"href":"https:\/\/protechmarine.hr\/de\/wp-json\/wp\/v2\/comments?post=92"}],"version-history":[{"count":36,"href":"https:\/\/protechmarine.hr\/de\/wp-json\/wp\/v2\/pages\/92\/revisions"}],"predecessor-version":[{"id":741,"href":"https:\/\/protechmarine.hr\/de\/wp-json\/wp\/v2\/pages\/92\/revisions\/741"}],"wp:attachment":[{"href":"https:\/\/protechmarine.hr\/de\/wp-json\/wp\/v2\/media?parent=92"}],"curies":[{"name":"wp","href":"https:\/\/api.w.org\/{rel}","templated":true}]}}