{"id":94,"date":"2025-10-08T18:15:50","date_gmt":"2025-10-08T18:15:50","guid":{"rendered":"https:\/\/protechmarine.hr\/?page_id=94"},"modified":"2026-01-08T10:02:44","modified_gmt":"2026-01-08T10:02:44","slug":"o-nama","status":"publish","type":"page","link":"https:\/\/protechmarine.hr\/de\/o-nama\/","title":{"rendered":"\u00dcber uns"},"content":{"rendered":"<div data-elementor-type=\"wp-page\" data-elementor-id=\"94\" class=\"elementor elementor-94\" data-elementor-post-type=\"page\">\n\t\t\t\t<div class=\"elementor-element elementor-element-1df234ea e-flex e-con-boxed e-con e-parent\" data-id=\"1df234ea\" data-element_type=\"container\" data-e-type=\"container\" data-settings=\"{&quot;background_background&quot;:&quot;classic&quot;}\">\n\t\t\t\t\t<div class=\"e-con-inner\">\n\t\t<div class=\"elementor-element elementor-element-141e91b5 e-con-full e-flex e-con e-child\" data-id=\"141e91b5\" data-element_type=\"container\" data-e-type=\"container\">\n\t\t\t\t<div class=\"elementor-element elementor-element-7baf1bac elementor-invisible elementor-widget elementor-widget-heading\" data-id=\"7baf1bac\" data-element_type=\"widget\" data-e-type=\"widget\" data-settings=\"{&quot;_animation&quot;:&quot;fadeInUp&quot;}\" data-widget_type=\"heading.default\">\n\t\t\t\t\t<h1 class=\"elementor-heading-title elementor-size-default\">\u00dcber uns<\/h1>\t\t\t\t<\/div>\n\t\t\t\t<\/div>\n\t\t\t\t\t<\/div>\n\t\t\t\t<\/div>\n\t\t<div class=\"elementor-element elementor-element-7f4f7c7 e-flex e-con-boxed e-con e-parent\" data-id=\"7f4f7c7\" data-element_type=\"container\" data-e-type=\"container\" data-settings=\"{&quot;background_background&quot;:&quot;classic&quot;}\">\n\t\t\t\t\t<div class=\"e-con-inner\">\n\t\t<div class=\"elementor-element elementor-element-4ff8f32 e-con-full e-flex elementor-invisible e-con e-child\" data-id=\"4ff8f32\" data-element_type=\"container\" data-e-type=\"container\" data-settings=\"{&quot;animation&quot;:&quot;fadeInLeft&quot;}\">\n\t\t\t\t<div class=\"elementor-element elementor-element-9b511b5 elementor-widget elementor-widget-heading\" data-id=\"9b511b5\" data-element_type=\"widget\" data-e-type=\"widget\" data-widget_type=\"heading.default\">\n\t\t\t\t\t<h6 class=\"elementor-heading-title elementor-size-default\">Wer wir sind<\/h6>\t\t\t\t<\/div>\n\t\t\t\t<div class=\"elementor-element elementor-element-0e7ea77 elementor-widget elementor-widget-heading\" data-id=\"0e7ea77\" data-element_type=\"widget\" data-e-type=\"widget\" data-widget_type=\"heading.default\">\n\t\t\t\t\t<h2 class=\"elementor-heading-title elementor-size-default\">Langlebige Ersatzteile<\/h2>\t\t\t\t<\/div>\n\t\t\t\t<div class=\"elementor-element elementor-element-b8d172b elementor-widget elementor-widget-text-editor\" data-id=\"b8d172b\" data-element_type=\"widget\" data-e-type=\"widget\" data-widget_type=\"text-editor.default\">\n\t\t\t\t\t\t\t\t\t<p data-start=\"170\" data-end=\"472\">Nakon 15 godina u nautici, krenuli smo <strong data-start=\"182\" data-end=\"198\">2021. godine<\/strong> s jednostavnom idejom, ponuditi <strong data-start=\"232\" data-end=\"275\">rje\u0161enja koja traju<\/strong>. Nakon godina rada s dijelovima koji se \u010desto kvare, pucaju ili korodiraju ve\u0107 nakon nekoliko sezona, odlu\u010dili smo razviti vlastite proizvode koji \u0107e izdr\u017eati stvarne uvjete na moru.<\/p><p data-start=\"474\" data-end=\"783\" class=\"translation-block\">Heute fertigen wir Abgasanlagen und Wellenanlagen aus Materialien, die gegen Korrosion und maritime Einfl\u00fcsse best\u00e4ndig sind. Jedes Teil entsteht durch pr\u00e4zise mechanische Bearbeitung und manuelle Kontrolle, was eine perfekte Passform und eine lange Lebensdauer gew\u00e4hrleistet.<\/p><p>Unser Ziel ist einfach: Bootseigner sollen ein Teil einmal einbauen und jahrelang Ruhe haben.<\/p>\t\t\t\t\t\t\t\t<\/div>\n\t\t\t\t<div class=\"elementor-element elementor-element-b278200 elementor-widget elementor-widget-button\" data-id=\"b278200\" data-element_type=\"widget\" data-e-type=\"widget\" data-widget_type=\"button.default\">\n\t\t\t\t\t\t\t\t\t\t<a class=\"elementor-button elementor-button-link elementor-size-md\" href=\"https:\/\/protechmarine.hr\/de\/kontakt\/\">\n\t\t\t\t\t\t<span class=\"elementor-button-content-wrapper\">\n\t\t\t\t\t\t\t\t\t<span class=\"elementor-button-text\">Kontaktieren Sie uns<\/span>\n\t\t\t\t\t<\/span>\n\t\t\t\t\t<\/a>\n\t\t\t\t\t\t\t\t<\/div>\n\t\t\t\t<\/div>\n\t\t<div class=\"elementor-element elementor-element-61f976d e-con-full e-flex e-con e-child\" data-id=\"61f976d\" data-element_type=\"container\" data-e-type=\"container\">\n\t\t\t\t<div class=\"elementor-element elementor-element-14a7df8 elementor-widget elementor-widget-image\" data-id=\"14a7df8\" data-element_type=\"widget\" data-e-type=\"widget\" data-widget_type=\"image.default\">\n\t\t\t\t\t\t\t\t\t\t\t\t\t\t\t<img fetchpriority=\"high\" decoding=\"async\" width=\"800\" height=\"800\" src=\"https:\/\/protechmarine.hr\/wp-content\/uploads\/2025\/10\/WhatsApp-Image-2025-08-26-at-00.00.05-e1760204842929-1024x1024.jpeg\" class=\"attachment-large size-large wp-image-492\" alt=\"\" srcset=\"https:\/\/protechmarine.hr\/wp-content\/uploads\/2025\/10\/WhatsApp-Image-2025-08-26-at-00.00.05-e1760204842929-1024x1024.jpeg 1024w, https:\/\/protechmarine.hr\/wp-content\/uploads\/2025\/10\/WhatsApp-Image-2025-08-26-at-00.00.05-e1760204842929-300x300.jpeg 300w, https:\/\/protechmarine.hr\/wp-content\/uploads\/2025\/10\/WhatsApp-Image-2025-08-26-at-00.00.05-e1760204842929-150x150.jpeg 150w, https:\/\/protechmarine.hr\/wp-content\/uploads\/2025\/10\/WhatsApp-Image-2025-08-26-at-00.00.05-e1760204842929-768x768.jpeg 768w, https:\/\/protechmarine.hr\/wp-content\/uploads\/2025\/10\/WhatsApp-Image-2025-08-26-at-00.00.05-e1760204842929.jpeg 1200w\" sizes=\"(max-width: 800px) 100vw, 800px\" \/>\t\t\t\t\t\t\t\t\t\t\t\t\t\t\t<\/div>\n\t\t\t\t<\/div>\n\t\t\t\t\t<\/div>\n\t\t\t\t<\/div>\n\t\t\t\t<\/div>","protected":false},"excerpt":{"rendered":"<p>Tko smo Trajni zamjenski dijelovi Nakon 15 godina u nautici, krenuli smo 2021. godine s jednostavnom idejom, ponuditi rje\u0161enja koja traju. Nakon godina rada s dijelovima koji se \u010desto kvare, pucaju ili korodiraju ve\u0107 nakon nekoliko sezona, odlu\u010dili smo razviti vlastite proizvode koji \u0107e izdr\u017eati stvarne uvjete na moru. Danas izra\u0111ujemo auspuhe i osovinske vodove [&hellip;]<\/p>","protected":false},"author":1,"featured_media":0,"parent":0,"menu_order":0,"comment_status":"closed","ping_status":"closed","template":"elementor_header_footer","meta":{"footnotes":""},"class_list":["post-94","page","type-page","status-publish","hentry"],"_links":{"self":[{"href":"https:\/\/protechmarine.hr\/de\/wp-json\/wp\/v2\/pages\/94","targetHints":{"allow":["GET"]}}],"collection":[{"href":"https:\/\/protechmarine.hr\/de\/wp-json\/wp\/v2\/pages"}],"about":[{"href":"https:\/\/protechmarine.hr\/de\/wp-json\/wp\/v2\/types\/page"}],"author":[{"embeddable":true,"href":"https:\/\/protechmarine.hr\/de\/wp-json\/wp\/v2\/users\/1"}],"replies":[{"embeddable":true,"href":"https:\/\/protechmarine.hr\/de\/wp-json\/wp\/v2\/comments?post=94"}],"version-history":[{"count":46,"href":"https:\/\/protechmarine.hr\/de\/wp-json\/wp\/v2\/pages\/94\/revisions"}],"predecessor-version":[{"id":745,"href":"https:\/\/protechmarine.hr\/de\/wp-json\/wp\/v2\/pages\/94\/revisions\/745"}],"wp:attachment":[{"href":"https:\/\/protechmarine.hr\/de\/wp-json\/wp\/v2\/media?parent=94"}],"curies":[{"name":"wp","href":"https:\/\/api.w.org\/{rel}","templated":true}]}}